{"id":54,"date":"2021-09-28T14:04:19","date_gmt":"2021-09-28T12:04:19","guid":{"rendered":"https:\/\/www.spotontranslations.com\/?page_id=54"},"modified":"2023-05-23T16:55:32","modified_gmt":"2023-05-23T14:55:32","slug":"onze-werkwijze","status":"publish","type":"page","link":"https:\/\/www.spotontranslations.com\/de\/onze-werkwijze\/","title":{"rendered":"Arbeitsmethode"},"content":{"rendered":"<div style=\"overflow-x:auto;\"><table style=\"width: 100%; border-collapse: collapse;\" border=\"0\">\n<tbody>\n<tr>\n<td style=\"width: 68px;\"><strong><img loading=\"lazy\" decoding=\"async\" class=\"wp-image-69 alignnone\" src=\"https:\/\/www.spotontranslations.com\/wp-content\/uploads\/sites\/1093\/2021\/09\/favicon.png\" alt=\"\" width=\"48\" height=\"48\" \/><\/strong><\/td>\n<td>\n<p>&nbsp;<\/p>\n<p><strong>1. Sie senden uns Ihr Dokument<\/strong><br \/>\nF\u00fcllen Sie das Angebotsformular mit dem zu \u00fcbersetzenden Dokument aus (z.B. in den bearbeitbaren Dateitypen Word, Excel, Indesign, PowerPoint, xml, usw.). Teilen Sie uns Ihre Anforderungen mit, z. B. Sprachen, L\u00e4nder, Fristen und Schwerpunkte. Rufen Sie uns an oder schicken Sie uns eine E-Mail, und wir werden Ihnen weiterhelfen.<\/td>\n<\/tr>\n<tr>\n<td style=\"width: 68px;\"><strong><img loading=\"lazy\" decoding=\"async\" class=\"wp-image-69 alignleft\" src=\"https:\/\/www.spotontranslations.com\/wp-content\/uploads\/sites\/1093\/2021\/09\/favicon.png\" alt=\"\" width=\"48\" height=\"48\" \/><\/strong><\/td>\n<td><strong>2. Wir senden ein Angebot<\/strong><br \/>\nWir analysieren den Text, achten auf die Anzahl der W\u00f6rter, Wiederholungen und Ihre speziellen W\u00fcnsche. Wir senden Ihnen dann ein Angebot mit einem wettbewerbsf\u00e4higen Preis und einer Angabe der Lieferfrist.<\/td>\n<\/tr>\n<tr>\n<td style=\"width: 68px;\"><strong><img loading=\"lazy\" decoding=\"async\" class=\"wp-image-69 alignnone\" src=\"https:\/\/www.spotontranslations.com\/wp-content\/uploads\/sites\/1093\/2021\/09\/favicon.png\" alt=\"\" width=\"48\" height=\"48\" \/><\/strong><\/td>\n<td><strong>3. Sie stimmen zu<\/strong><br \/>\nNach Absprache wird der Auftrag an den entsprechenden \u00dcbersetzer vergeben und der Revisor gebucht, der die \u00dcbersetzung \u00fcberpr\u00fcft. Sollten wir in der Zwischenzeit Fragen haben, werden wir Sie kontaktieren.<\/td>\n<\/tr>\n<tr>\n<td style=\"width: 68px;\"><strong><img loading=\"lazy\" decoding=\"async\" class=\"wp-image-69 alignnone\" src=\"https:\/\/www.spotontranslations.com\/wp-content\/uploads\/sites\/1093\/2021\/09\/favicon.png\" alt=\"\" width=\"48\" height=\"48\" \/><\/strong><\/td>\n<td><strong>4. Wir liefern die \u00dcbersetzung<\/strong><br \/>\nWir liefern den \u00fcbersetzten Text am vereinbarten Tag. Wir empfehlen Ihnen, die \u00dcbersetzung zu lesen. Wenn Sie Fragen haben oder einen anderen Tonfall w\u00fcnschen, werden wir die \u00dcbersetzung anpassen. Wir sind erst zufrieden, wenn Sie es sind. Qualit\u00e4t ist immer garantiert!<\/td>\n<\/tr>\n<\/tbody>\n<\/table><\/div>\n<p>&nbsp;<\/p>","protected":false},"excerpt":{"rendered":"<p>&nbsp; 1. Sie senden uns Ihr Dokument F\u00fcllen Sie das Angebotsformular mit dem zu \u00fcbersetzenden Dokument aus (z. B. in den bearbeitbaren Dateitypen Word, Excel, Indesign, PowerPoint, xml usw.). Teilen Sie uns Ihre Anforderungen mit, z. B. Sprachen, L\u00e4nder, Fristen und interessante Punkte. Rufen Sie uns an oder schicken Sie uns eine E-Mail und wir werden Ihnen helfen. 2. Wir schicken Ihnen ein Angebot Wir analysieren... <a class=\"read-more\" href=\"https:\/\/www.spotontranslations.com\/de\/onze-werkwijze\/\"><\/a><\/p>","protected":false},"author":3,"featured_media":0,"parent":0,"menu_order":0,"comment_status":"closed","ping_status":"closed","template":"","meta":{"_acf_changed":false,"footnotes":""},"class_list":["post-54","page","type-page","status-publish","hentry"],"acf":[],"yoast_head":"<!-- This site is optimized with the Yoast SEO plugin v27.4 - https:\/\/yoast.com\/product\/yoast-seo-wordpress\/ -->\n<title>Werkwijze - Spot ON Translations<\/title>\n<meta name=\"robots\" content=\"index, follow, max-snippet:-1, max-image-preview:large, max-video-preview:-1\" \/>\n<link rel=\"canonical\" href=\"https:\/\/www.spotontranslations.com\/de\/onze-werkwijze\/\" \/>\n<meta property=\"og:locale\" content=\"de_DE\" \/>\n<meta property=\"og:type\" content=\"article\" \/>\n<meta property=\"og:title\" content=\"Werkwijze - Spot ON Translations\" \/>\n<meta property=\"og:description\" content=\"&nbsp; 1. Jij stuurt ons je document Vul het offerteformulier in met het te vertalen document (bijvoorbeeld in de bewerkbare bestandstypes Word, Excel, Indesign, PowerPoint, xml, etc). Geef jouw wensen, zoals talen, landen, deadline en aandachtspunten aan ons door. Bel of mail ons en we helpen je verder. 2. Wij sturen een offerte Wij analyseren...\" \/>\n<meta property=\"og:url\" content=\"https:\/\/www.spotontranslations.com\/de\/onze-werkwijze\/\" \/>\n<meta property=\"og:site_name\" content=\"Spot ON Translations\" \/>\n<meta property=\"article:modified_time\" content=\"2023-05-23T14:55:32+00:00\" \/>\n<meta property=\"og:image\" content=\"https:\/\/www.spotontranslations.com\/wp-content\/uploads\/sites\/1093\/2021\/09\/favicon.png\" \/>\n<meta name=\"twitter:card\" content=\"summary_large_image\" \/>\n<meta name=\"twitter:label1\" content=\"Gesch\u00e4tzte Lesezeit\" \/>\n\t<meta name=\"twitter:data1\" content=\"2\u00a0Minuten\" \/>\n<script type=\"application\/ld+json\" class=\"yoast-schema-graph\">{\"@context\":\"https:\\\/\\\/schema.org\",\"@graph\":[{\"@type\":\"WebPage\",\"@id\":\"https:\\\/\\\/www.spotontranslations.com\\\/onze-werkwijze\\\/\",\"url\":\"https:\\\/\\\/www.spotontranslations.com\\\/onze-werkwijze\\\/\",\"name\":\"Werkwijze - Spot ON Translations\",\"isPartOf\":{\"@id\":\"https:\\\/\\\/www.spotontranslations.com\\\/en\\\/#website\"},\"primaryImageOfPage\":{\"@id\":\"https:\\\/\\\/www.spotontranslations.com\\\/onze-werkwijze\\\/#primaryimage\"},\"image\":{\"@id\":\"https:\\\/\\\/www.spotontranslations.com\\\/onze-werkwijze\\\/#primaryimage\"},\"thumbnailUrl\":\"https:\\\/\\\/www.spotontranslations.com\\\/wp-content\\\/uploads\\\/sites\\\/1093\\\/2021\\\/09\\\/favicon.png\",\"datePublished\":\"2021-09-28T12:04:19+00:00\",\"dateModified\":\"2023-05-23T14:55:32+00:00\",\"breadcrumb\":{\"@id\":\"https:\\\/\\\/www.spotontranslations.com\\\/onze-werkwijze\\\/#breadcrumb\"},\"inLanguage\":\"de\",\"potentialAction\":[{\"@type\":\"ReadAction\",\"target\":[\"https:\\\/\\\/www.spotontranslations.com\\\/onze-werkwijze\\\/\"]}]},{\"@type\":\"ImageObject\",\"inLanguage\":\"de\",\"@id\":\"https:\\\/\\\/www.spotontranslations.com\\\/onze-werkwijze\\\/#primaryimage\",\"url\":\"https:\\\/\\\/www.spotontranslations.com\\\/wp-content\\\/uploads\\\/sites\\\/1093\\\/2021\\\/09\\\/favicon.png\",\"contentUrl\":\"https:\\\/\\\/www.spotontranslations.com\\\/wp-content\\\/uploads\\\/sites\\\/1093\\\/2021\\\/09\\\/favicon.png\"},{\"@type\":\"BreadcrumbList\",\"@id\":\"https:\\\/\\\/www.spotontranslations.com\\\/onze-werkwijze\\\/#breadcrumb\",\"itemListElement\":[{\"@type\":\"ListItem\",\"position\":1,\"name\":\"Home\",\"item\":\"https:\\\/\\\/www.spotontranslations.com\\\/\"},{\"@type\":\"ListItem\",\"position\":2,\"name\":\"Werkwijze\"}]},{\"@type\":\"WebSite\",\"@id\":\"https:\\\/\\\/www.spotontranslations.com\\\/en\\\/#website\",\"url\":\"https:\\\/\\\/www.spotontranslations.com\\\/en\\\/\",\"name\":\"Spot ON Translations\",\"description\":\"\",\"potentialAction\":[{\"@type\":\"SearchAction\",\"target\":{\"@type\":\"EntryPoint\",\"urlTemplate\":\"https:\\\/\\\/www.spotontranslations.com\\\/en\\\/?s={search_term_string}\"},\"query-input\":{\"@type\":\"PropertyValueSpecification\",\"valueRequired\":true,\"valueName\":\"search_term_string\"}}],\"inLanguage\":\"de\"}]}<\/script>\n<!-- \/ Yoast SEO plugin. -->","yoast_head_json":{"title":"Arbeitsmethode - Spot ON Translations","robots":{"index":"index","follow":"follow","max-snippet":"max-snippet:-1","max-image-preview":"max-image-preview:large","max-video-preview":"max-video-preview:-1"},"canonical":"https:\/\/www.spotontranslations.com\/de\/onze-werkwijze\/","og_locale":"de_DE","og_type":"article","og_title":"Werkwijze - Spot ON Translations","og_description":"&nbsp; 1. Jij stuurt ons je document Vul het offerteformulier in met het te vertalen document (bijvoorbeeld in de bewerkbare bestandstypes Word, Excel, Indesign, PowerPoint, xml, etc). Geef jouw wensen, zoals talen, landen, deadline en aandachtspunten aan ons door. Bel of mail ons en we helpen je verder. 2. Wij sturen een offerte Wij analyseren...","og_url":"https:\/\/www.spotontranslations.com\/de\/onze-werkwijze\/","og_site_name":"Spot ON Translations","article_modified_time":"2023-05-23T14:55:32+00:00","og_image":[{"url":"https:\/\/www.spotontranslations.com\/wp-content\/uploads\/sites\/1093\/2021\/09\/favicon.png","type":"","width":"","height":""}],"twitter_card":"summary_large_image","twitter_misc":{"Gesch\u00e4tzte Lesezeit":"2\u00a0Minuten"},"schema":{"@context":"https:\/\/schema.org","@graph":[{"@type":"WebPage","@id":"https:\/\/www.spotontranslations.com\/onze-werkwijze\/","url":"https:\/\/www.spotontranslations.com\/onze-werkwijze\/","name":"Arbeitsmethode - Spot ON Translations","isPartOf":{"@id":"https:\/\/www.spotontranslations.com\/en\/#website"},"primaryImageOfPage":{"@id":"https:\/\/www.spotontranslations.com\/onze-werkwijze\/#primaryimage"},"image":{"@id":"https:\/\/www.spotontranslations.com\/onze-werkwijze\/#primaryimage"},"thumbnailUrl":"https:\/\/www.spotontranslations.com\/wp-content\/uploads\/sites\/1093\/2021\/09\/favicon.png","datePublished":"2021-09-28T12:04:19+00:00","dateModified":"2023-05-23T14:55:32+00:00","breadcrumb":{"@id":"https:\/\/www.spotontranslations.com\/onze-werkwijze\/#breadcrumb"},"inLanguage":"de","potentialAction":[{"@type":"ReadAction","target":["https:\/\/www.spotontranslations.com\/onze-werkwijze\/"]}]},{"@type":"ImageObject","inLanguage":"de","@id":"https:\/\/www.spotontranslations.com\/onze-werkwijze\/#primaryimage","url":"https:\/\/www.spotontranslations.com\/wp-content\/uploads\/sites\/1093\/2021\/09\/favicon.png","contentUrl":"https:\/\/www.spotontranslations.com\/wp-content\/uploads\/sites\/1093\/2021\/09\/favicon.png"},{"@type":"BreadcrumbList","@id":"https:\/\/www.spotontranslations.com\/onze-werkwijze\/#breadcrumb","itemListElement":[{"@type":"ListItem","position":1,"name":"Home","item":"https:\/\/www.spotontranslations.com\/"},{"@type":"ListItem","position":2,"name":"Werkwijze"}]},{"@type":"WebSite","@id":"https:\/\/www.spotontranslations.com\/en\/#website","url":"https:\/\/www.spotontranslations.com\/en\/","name":"Spot ON Translations","description":"","potentialAction":[{"@type":"SearchAction","target":{"@type":"EntryPoint","urlTemplate":"https:\/\/www.spotontranslations.com\/en\/?s={search_term_string}"},"query-input":{"@type":"PropertyValueSpecification","valueRequired":true,"valueName":"search_term_string"}}],"inLanguage":"de"}]}},"_links":{"self":[{"href":"https:\/\/www.spotontranslations.com\/de\/wp-json\/wp\/v2\/pages\/54","targetHints":{"allow":["GET"]}}],"collection":[{"href":"https:\/\/www.spotontranslations.com\/de\/wp-json\/wp\/v2\/pages"}],"about":[{"href":"https:\/\/www.spotontranslations.com\/de\/wp-json\/wp\/v2\/types\/page"}],"author":[{"embeddable":true,"href":"https:\/\/www.spotontranslations.com\/de\/wp-json\/wp\/v2\/users\/3"}],"replies":[{"embeddable":true,"href":"https:\/\/www.spotontranslations.com\/de\/wp-json\/wp\/v2\/comments?post=54"}],"version-history":[{"count":3,"href":"https:\/\/www.spotontranslations.com\/de\/wp-json\/wp\/v2\/pages\/54\/revisions"}],"predecessor-version":[{"id":209,"href":"https:\/\/www.spotontranslations.com\/de\/wp-json\/wp\/v2\/pages\/54\/revisions\/209"}],"wp:attachment":[{"href":"https:\/\/www.spotontranslations.com\/de\/wp-json\/wp\/v2\/media?parent=54"}],"curies":[{"name":"wp","href":"https:\/\/api.w.org\/{rel}","templated":true}]}}